{"id":42,"date":"2023-02-02T18:42:00","date_gmt":"2023-02-02T18:42:00","guid":{"rendered":"https:\/\/lamacs-amlacs.org\/?page_id=42"},"modified":"2023-05-21T05:05:57","modified_gmt":"2023-05-21T05:05:57","slug":"accueil","status":"publish","type":"page","link":"https:\/\/lamacs-amlacs.org\/en\/accueil\/","title":{"rendered":"Home"},"content":{"rendered":"<div class=\"wp-block-cover is-light has-custom-content-position is-position-bottom-right\" style=\"min-height:441px;aspect-ratio:unset;\"><span aria-hidden=\"true\" class=\"wp-block-cover__background has-background-dim\"><\/span><img fetchpriority=\"high\" decoding=\"async\" width=\"1024\" height=\"683\" class=\"wp-block-cover__image-background wp-image-29\" alt=\"\" src=\"https:\/\/lamacs-amlacs.org\/wp-content\/uploads\/2023\/02\/blob-1024x683.png\" data-object-fit=\"cover\" srcset=\"https:\/\/lamacs-amlacs.org\/wp-content\/uploads\/2023\/02\/blob-1024x683.png 1024w, https:\/\/lamacs-amlacs.org\/wp-content\/uploads\/2023\/02\/blob-300x200.png 300w, https:\/\/lamacs-amlacs.org\/wp-content\/uploads\/2023\/02\/blob-768x512.png 768w, https:\/\/lamacs-amlacs.org\/wp-content\/uploads\/2023\/02\/blob-1536x1024.png 1536w, https:\/\/lamacs-amlacs.org\/wp-content\/uploads\/2023\/02\/blob-2048x1365.png 2048w\" sizes=\"(max-width: 1024px) 100vw, 1024px\" \/><div class=\"wp-block-cover__inner-container is-layout-flow wp-block-cover-is-layout-flow\">\n<p class=\"has-text-align-center has-pale-ocean-gradient-background has-background has-medium-font-size\"><em>When the passion and research meet<\/em> !<\/p>\n<\/div><\/div>\n\n\n\n<p class=\"has-pale-ocean-gradient-background has-background has-medium-font-size\">About us<\/p>\n\n\n\n<div style=\"height:25px\" aria-hidden=\"true\" class=\"wp-block-spacer\"><\/div>\n\n\n\n<p>The AMLAC&amp;S is an audiovisual media laboratory for the study of cultures and multicultural societies. The AMLAC&amp;S is a space of research, documentation, and creation of audiovisual production, targeting, in particular, the cultural practices of the communities and identity groups, marginalized, such as blacks and native americans. The main philosophy of AMLAC&amp;S is to produce research on the contribution of the cultural practices of minorities culturalis\u00e9es, ethnicis\u00e9es and racialized in the conceptualization of the issues of citizenship in multicultural societies such as Canada.&nbsp;<\/p>\n\n\n\n<p>This laboratory was founded in 2005 by Professor Boulou Ebanda de B b\u00e9ri, thanks to the financial contribution from the canada Foundation for innovation and the research Fund of the province of Ontario.<br>With a work room offered by the Faculty of arts of the University of Ottawa, the AMLAC&amp;S holds filming equipment (three digital cameras, a sound recording system and a lighting kit), five systems of non-linear editing FinalCut Pro mounted on five computers Apple Pro, and a storage server documentation audiovisual and databases.<\/p>\n\n\n\n<h2 class=\"wp-block-heading has-pale-ocean-gradient-background has-background has-medium-font-size\">Objectives<\/h2>\n\n\n\n<h3 class=\"wp-block-heading\">The main objectives of the AMLAC&amp;S are :<\/h3>\n\n\n\n<ol class=\"wp-block-list\">\n<li>Create an audiovisual database of cultural practices and citizen of cultural minorities, racial and ethnic backgrounds in multicultural societies;<\/li>\n\n\n\n<li>Produce audio-visual materials are artistic and educational, that can represent, at the same time, the complexity of the cultural practices and social theories, and theories of culture;<\/li>\n\n\n\n<li>Gather and give voice to see (to represent) of cultural practices around issues relating to the experience of cultural minorities, racial and ethnic backgrounds in multicultural societies;<\/li>\n\n\n\n<li>Produce reference documents on cultural practices that may be produced or represented otherwise than through the devices of a body with an infrastructure of research and production of their own, and whose research objects are targeted, specifically, to represent racial minorities, ethnic, and cultural, and their experiences; and<\/li>\n\n\n\n<li>Generate a report of proximity in the space between the academic, cultural practices, and communities culturalis\u00e9es, ethnicis\u00e9es, or marginalized due to its productions and its infrastructure documentation.<\/li>\n<\/ol>","protected":false},"excerpt":{"rendered":"<p>A propos Le LAMAC&amp;S est un laboratoire des m\u00e9dias audiovisuels pour l\u2019\u00e9tude des cultures et des soci\u00e9t\u00e9s multiculturelles. Le LAMAC&amp;S est un espace de recherche, de documentation, de cr\u00e9ation et de production audiovisuelle ciblant, en particulier, les pratiques culturelles des communaut\u00e9s ou groupes identitaires marginalis\u00e9s, comme les noirs et les Am\u00e9rindiens. La principale philosophie du [&hellip;]<\/p>\n","protected":false},"author":1,"featured_media":0,"parent":0,"menu_order":0,"comment_status":"closed","ping_status":"closed","template":"","meta":{"_coblocks_attr":"","_coblocks_dimensions":"","_coblocks_responsive_height":"","_coblocks_accordion_ie_support":"","ocean_post_layout":"","ocean_both_sidebars_style":"","ocean_both_sidebars_content_width":0,"ocean_both_sidebars_sidebars_width":0,"ocean_sidebar":"ocs-sidebar-home","ocean_second_sidebar":"0","ocean_disable_margins":"enable","ocean_add_body_class":"","ocean_shortcode_before_top_bar":"","ocean_shortcode_after_top_bar":"","ocean_shortcode_before_header":"","ocean_shortcode_after_header":"","ocean_has_shortcode":"","ocean_shortcode_after_title":"","ocean_shortcode_before_footer_widgets":"","ocean_shortcode_after_footer_widgets":"","ocean_shortcode_before_footer_bottom":"","ocean_shortcode_after_footer_bottom":"","ocean_display_top_bar":"default","ocean_display_header":"default","ocean_header_style":"","ocean_center_header_left_menu":"0","ocean_custom_header_template":"0","ocean_custom_logo":0,"ocean_custom_retina_logo":0,"ocean_custom_logo_max_width":0,"ocean_custom_logo_tablet_max_width":0,"ocean_custom_logo_mobile_max_width":0,"ocean_custom_logo_max_height":0,"ocean_custom_logo_tablet_max_height":0,"ocean_custom_logo_mobile_max_height":0,"ocean_header_custom_menu":"0","ocean_menu_typo_font_family":"0","ocean_menu_typo_font_subset":"","ocean_menu_typo_font_size":0,"ocean_menu_typo_font_size_tablet":0,"ocean_menu_typo_font_size_mobile":0,"ocean_menu_typo_font_size_unit":"px","ocean_menu_typo_font_weight":"","ocean_menu_typo_font_weight_tablet":"","ocean_menu_typo_font_weight_mobile":"","ocean_menu_typo_transform":"","ocean_menu_typo_transform_tablet":"","ocean_menu_typo_transform_mobile":"","ocean_menu_typo_line_height":0,"ocean_menu_typo_line_height_tablet":0,"ocean_menu_typo_line_height_mobile":0,"ocean_menu_typo_line_height_unit":"","ocean_menu_typo_spacing":0,"ocean_menu_typo_spacing_tablet":0,"ocean_menu_typo_spacing_mobile":0,"ocean_menu_typo_spacing_unit":"","ocean_menu_link_color":"","ocean_menu_link_color_hover":"","ocean_menu_link_color_active":"","ocean_menu_link_background":"","ocean_menu_link_hover_background":"","ocean_menu_link_active_background":"","ocean_menu_social_links_bg":"","ocean_menu_social_hover_links_bg":"","ocean_menu_social_links_color":"","ocean_menu_social_hover_links_color":"","ocean_disable_title":"default","ocean_disable_heading":"default","ocean_post_title":"","ocean_post_subheading":"","ocean_post_title_style":"","ocean_post_title_background_color":"","ocean_post_title_background":0,"ocean_post_title_bg_image_position":"","ocean_post_title_bg_image_attachment":"","ocean_post_title_bg_image_repeat":"","ocean_post_title_bg_image_size":"","ocean_post_title_height":0,"ocean_post_title_bg_overlay":0.5,"ocean_post_title_bg_overlay_color":"","ocean_disable_breadcrumbs":"default","ocean_breadcrumbs_color":"","ocean_breadcrumbs_separator_color":"","ocean_breadcrumbs_links_color":"","ocean_breadcrumbs_links_hover_color":"","ocean_display_footer_widgets":"default","ocean_display_footer_bottom":"default","ocean_custom_footer_template":"0","footnotes":""},"class_list":["post-42","page","type-page","status-publish","hentry","entry"],"_links":{"self":[{"href":"https:\/\/lamacs-amlacs.org\/en\/wp-json\/wp\/v2\/pages\/42","targetHints":{"allow":["GET"]}}],"collection":[{"href":"https:\/\/lamacs-amlacs.org\/en\/wp-json\/wp\/v2\/pages"}],"about":[{"href":"https:\/\/lamacs-amlacs.org\/en\/wp-json\/wp\/v2\/types\/page"}],"author":[{"embeddable":true,"href":"https:\/\/lamacs-amlacs.org\/en\/wp-json\/wp\/v2\/users\/1"}],"replies":[{"embeddable":true,"href":"https:\/\/lamacs-amlacs.org\/en\/wp-json\/wp\/v2\/comments?post=42"}],"version-history":[{"count":16,"href":"https:\/\/lamacs-amlacs.org\/en\/wp-json\/wp\/v2\/pages\/42\/revisions"}],"predecessor-version":[{"id":1843,"href":"https:\/\/lamacs-amlacs.org\/en\/wp-json\/wp\/v2\/pages\/42\/revisions\/1843"}],"wp:attachment":[{"href":"https:\/\/lamacs-amlacs.org\/en\/wp-json\/wp\/v2\/media?parent=42"}],"curies":[{"name":"wp","href":"https:\/\/api.w.org\/{rel}","templated":true}]}}